{"id":11,"date":"2023-03-20T20:49:15","date_gmt":"2023-03-20T23:49:15","guid":{"rendered":"https:\/\/sambaporter.com.br\/?page_id=11"},"modified":"2023-07-25T08:19:18","modified_gmt":"2023-07-25T11:19:18","slug":"home","status":"publish","type":"page","link":"https:\/\/sambaporter.com.br\/","title":{"rendered":"Home"},"content":{"rendered":"<p>[et_pb_section fb_built=&#8221;1&#8243; disabled_on=&#8221;off|off|on&#8221; _builder_version=&#8221;4.20.2&#8243; _module_preset=&#8221;default&#8221; background_color=&#8221;#425563&#8243; custom_margin=&#8221;-2px|||||&#8221; custom_padding=&#8221;5px||0px|||&#8221; da_disable_devices=&#8221;off|off|off&#8221; locked=&#8221;off&#8221; global_colors_info=&#8221;{}&#8221; da_is_popup=&#8221;off&#8221; da_exit_intent=&#8221;off&#8221; da_has_close=&#8221;on&#8221; da_alt_close=&#8221;off&#8221; da_dark_close=&#8221;off&#8221; da_not_modal=&#8221;on&#8221; da_is_singular=&#8221;off&#8221; da_with_loader=&#8221;off&#8221; da_has_shadow=&#8221;on&#8221;][et_pb_row _builder_version=&#8221;4.19.0&#8243; _module_preset=&#8221;default&#8221; width=&#8221;100%&#8221; max_width=&#8221;1325px&#8221; custom_margin=&#8221;-3px|auto|-5px|auto||&#8221; custom_padding=&#8221;2px||0px|||&#8221; hover_enabled=&#8221;0&#8243; global_colors_info=&#8221;{}&#8221; sticky_enabled=&#8221;0&#8243;][et_pb_column type=&#8221;4_4&#8243; _builder_version=&#8221;4.19.0&#8243; _module_preset=&#8221;default&#8221; global_colors_info=&#8221;{}&#8221;][ba_flipbox front_media_type=&#8221;image&#8221; front_img=&#8221;http:\/\/sambaporter.com.br\/wp-content\/uploads\/2023\/04\/21bc3c46-97ec-4a55-a242-c7ee5b9b84fd.webp&#8221; back_media_type=&#8221;image&#8221; back_img=&#8221;http:\/\/sambaporter.com.br\/wp-content\/uploads\/2023\/04\/Design-sem-nome-6.png&#8221; animation_type=&#8221;diagonal&#8221; front_padding=&#8221;35px|35px|35px|35px|true|true&#8221; back_bg_color=&#8221;rgba(66,85,99,0)&#8221; front_bg_color=&#8221;rgba(66,85,99,0)&#8221; _builder_version=&#8221;4.20.2&#8243; _module_preset=&#8221;default&#8221; background_enable_color=&#8221;off&#8221; width=&#8221;20%&#8221; width_tablet=&#8221;20%&#8221; width_phone=&#8221;55%&#8221; width_last_edited=&#8221;on|phone&#8221; module_alignment=&#8221;center&#8221; custom_margin=&#8221;0px||-12px||false|false&#8221; custom_padding=&#8221;0px||0px||false|false&#8221; hover_enabled=&#8221;0&#8243; locked=&#8221;off&#8221; global_colors_info=&#8221;{}&#8221; custom_margin_last_edited=&#8221;on|phone&#8221; custom_margin_phone=&#8221;-25px||||false|false&#8221; sticky_enabled=&#8221;0&#8243; custom_margin_tablet=&#8221;0px||-12px||false|false&#8221;][\/ba_flipbox][et_pb_menu dropdown_menu_bg_color=&#8221;#EFEDEE&#8221; dropdown_menu_line_color=&#8221;#EFEDEE&#8221; dropdown_menu_text_color=&#8221;#EFEDEE&#8221; logo_url=&#8221;https:\/\/sambaporter.com.br\/index.php\/home\/&#8221; logo_width=&#8221;24%&#8221; cart_icon_color=&#8221;#000000&#8243; search_icon_color=&#8221;#000000&#8243; menu_icon_color=&#8221;#EFEDEE&#8221; cart_icon_font_size=&#8221;22px&#8221; menu_icon_font_size=&#8221;39px&#8221; _builder_version=&#8221;4.20.2&#8243; _module_preset=&#8221;default&#8221; menu_font=&#8221;EB Garamond|600|||||||&#8221; menu_text_color=&#8221;#EFEDEE&#8221; menu_font_size=&#8221;24px&#8221; background_color=&#8221;#425563&#8243; custom_margin=&#8221;-78px||2px|||&#8221; custom_margin_tablet=&#8221;-78px||2px|||&#8221; custom_margin_phone=&#8221;-74px||2px||false|false&#8221; custom_margin_last_edited=&#8221;on|phone&#8221; custom_padding=&#8221;0px||20px|19px||&#8221; global_colors_info=&#8221;{}&#8221; logo__hover_enabled=&#8221;on|hover&#8221; logo__hover=&#8221;http:\/\/sambaporter.com.br\/wp-content\/uploads\/2023\/04\/Design-sem-nome-6.png&#8221;][\/et_pb_menu][ba_logo_grid _builder_version=&#8221;4.20.2&#8243; _module_preset=&#8221;default&#8221; global_colors_info=&#8221;{}&#8221;][\/ba_logo_grid][\/et_pb_column][\/et_pb_row][\/et_pb_section][et_pb_section fb_built=&#8221;1&#8243; disabled_on=&#8221;on|on|off&#8221; _builder_version=&#8221;4.20.2&#8243; _module_preset=&#8221;default&#8221; background_color=&#8221;#425563&#8243; min_height=&#8221;100px&#8221; custom_margin=&#8221;0px||-10px||false|false&#8221; custom_margin_tablet=&#8221;0px||||false|false&#8221; custom_margin_phone=&#8221;0px||||false|false&#8221; custom_margin_last_edited=&#8221;on|desktop&#8221; custom_padding=&#8221;47px||5px||false|false&#8221; top_divider_color=&#8221;#425563&#8243; top_divider_height=&#8221;130px&#8221; top_divider_flip=&#8221;horizontal|vertical&#8221; da_disable_devices=&#8221;off|off|off&#8221; locked=&#8221;off&#8221; global_colors_info=&#8221;{}&#8221; da_is_popup=&#8221;off&#8221; da_exit_intent=&#8221;off&#8221; da_has_close=&#8221;on&#8221; da_alt_close=&#8221;off&#8221; da_dark_close=&#8221;off&#8221; da_not_modal=&#8221;on&#8221; da_is_singular=&#8221;off&#8221; da_with_loader=&#8221;off&#8221; da_has_shadow=&#8221;on&#8221;][et_pb_row column_structure=&#8221;1_6,1_6,1_6,1_6,1_6,1_6&#8243; use_custom_gutter=&#8221;on&#8221; disabled_on=&#8221;on|on|off&#8221; _builder_version=&#8221;4.20.2&#8243; _module_preset=&#8221;default&#8221; width=&#8221;93%&#8221; max_width=&#8221;1376px&#8221; module_alignment=&#8221;center&#8221; min_height=&#8221;202px&#8221; height=&#8221;211px&#8221; max_height=&#8221;1000px&#8221; custom_margin=&#8221;0px|auto|2px|0px|false|false&#8221; custom_padding=&#8221;173px||56px||false|false&#8221; global_colors_info=&#8221;{}&#8221;][et_pb_column type=&#8221;1_6&#8243; _builder_version=&#8221;4.20.2&#8243; _module_preset=&#8221;default&#8221; global_colors_info=&#8221;{}&#8221;][ba_flipbox front_media_type=&#8221;image&#8221; front_img=&#8221;http:\/\/sambaporter.com.br\/wp-content\/uploads\/2023\/04\/21bc3c46-97ec-4a55-a242-c7ee5b9b84fd.webp&#8221; back_media_type=&#8221;image&#8221; back_img=&#8221;http:\/\/sambaporter.com.br\/wp-content\/uploads\/2023\/04\/21bc3c46-97ec-4a55-a242-c7ee5b9b84fd.webp&#8221; animation_type=&#8221;diagonal&#8221; front_padding=&#8221;20px|20px|20px|20px|true|true&#8221; back_padding=&#8221;20px|20px|20px|20px|true|true&#8221; back_bg_color=&#8221;rgba(66,85,99,0)&#8221; front_bg_color=&#8221;rgba(66,85,99,0)&#8221; _builder_version=&#8221;4.20.2&#8243; _module_preset=&#8221;default&#8221; width=&#8221;124%&#8221; custom_margin=&#8221;-273px||0px||false|false&#8221; custom_padding=&#8221;33px||0px||false|false&#8221; global_colors_info=&#8221;{}&#8221;][\/ba_flipbox][\/et_pb_column][et_pb_column type=&#8221;1_6&#8243; _builder_version=&#8221;4.20.2&#8243; _module_preset=&#8221;default&#8221; global_colors_info=&#8221;{}&#8221;][et_pb_text _builder_version=&#8221;4.20.2&#8243; _module_preset=&#8221;default&#8221; text_font=&#8221;EB Garamond||||||||&#8221; text_text_color=&#8221;#425563&#8243; text_font_size=&#8221;25px&#8221; background_color=&#8221;#d7c187&#8243; custom_margin=&#8221;|19px||19px|false|true&#8221; link_option_url=&#8221;https:\/\/sambaporter.com.br&#8221; global_colors_info=&#8221;{}&#8221; content__hover_enabled=&#8221;on|hover&#8221; background__hover_enabled=&#8221;off|hover&#8221; background_enable_color__hover=&#8221;off&#8221; content__hover=&#8221;<\/p>\n<p style=%22text-align: center;%22>HOME<\/p>\n<p>&#8221; text_text_color__hover_enabled=&#8221;off|hover&#8221; text_text_color__hover=&#8221;#425563&#8243;]<\/p>\n<p style=\"text-align: center;\">HOME<\/p>\n<p>[\/et_pb_text][\/et_pb_column][et_pb_column type=&#8221;1_6&#8243; _builder_version=&#8221;4.20.2&#8243; _module_preset=&#8221;default&#8221; global_colors_info=&#8221;{}&#8221;][et_pb_text _builder_version=&#8221;4.20.2&#8243; _module_preset=&#8221;default&#8221; text_font=&#8221;EB Garamond||||||||&#8221; text_text_color=&#8221;#EFEDEE&#8221; text_font_size=&#8221;25px&#8221; text_orientation=&#8221;center&#8221; module_alignment=&#8221;center&#8221; custom_margin=&#8221;0px||0px||false|false&#8221; custom_padding=&#8221;0px||0px||false|false&#8221; link_option_url=&#8221;https:\/\/sambaporter.com.br\/index.php\/projetos\/&#8221; locked=&#8221;off&#8221; global_colors_info=&#8221;{}&#8221; background_color__hover=&#8221;rgba(239,219,178,0.52)&#8221; background__hover_enabled=&#8221;on|hover&#8221; background_enable_color__hover=&#8221;on&#8221;]<\/p>\n<p>PROJETOS<\/p>\n<p>[\/et_pb_text][\/et_pb_column][et_pb_column type=&#8221;1_6&#8243; _builder_version=&#8221;4.20.2&#8243; _module_preset=&#8221;default&#8221; global_colors_info=&#8221;{}&#8221;][et_pb_text _builder_version=&#8221;4.20.2&#8243; _module_preset=&#8221;default&#8221; text_font=&#8221;EB Garamond||||||||&#8221; text_text_color=&#8221;#EFEDEE&#8221; text_font_size=&#8221;25px&#8221; text_orientation=&#8221;center&#8221; module_alignment=&#8221;center&#8221; link_option_url=&#8221;https:\/\/sambaporter.com.br\/index.php\/sobre-nos\/&#8221; locked=&#8221;off&#8221; global_colors_info=&#8221;{}&#8221; background_color__hover=&#8221;rgba(239,219,178,0.52)&#8221; background_enable_color__hover=&#8221;on&#8221; background__hover_enabled=&#8221;on|hover&#8221;]<\/p>\n<p>SOBRE N\u00d3S<\/p>\n<p>[\/et_pb_text][\/et_pb_column][et_pb_column type=&#8221;1_6&#8243; _builder_version=&#8221;4.20.2&#8243; _module_preset=&#8221;default&#8221; global_colors_info=&#8221;{}&#8221;][et_pb_text _builder_version=&#8221;4.20.2&#8243; _module_preset=&#8221;default&#8221; text_font=&#8221;EB Garamond||||||||&#8221; text_text_color=&#8221;#EFEDEE&#8221; text_font_size=&#8221;25px&#8221; text_orientation=&#8221;center&#8221; module_alignment=&#8221;center&#8221; link_option_url=&#8221;https:\/\/sambaporter.com.br\/index.php\/midia\/&#8221; locked=&#8221;off&#8221; global_colors_info=&#8221;{}&#8221; background_color__hover=&#8221;rgba(239,219,178,0.52)&#8221; background_enable_color__hover=&#8221;on&#8221; background__hover_enabled=&#8221;on|hover&#8221;]<\/p>\n<p style=\"text-align: center;\">M\u00cdDIA<\/p>\n<p>[\/et_pb_text][\/et_pb_column][et_pb_column type=&#8221;1_6&#8243; _builder_version=&#8221;4.20.2&#8243; _module_preset=&#8221;default&#8221; global_colors_info=&#8221;{}&#8221;][et_pb_text _builder_version=&#8221;4.20.2&#8243; _module_preset=&#8221;default&#8221; text_font=&#8221;EB Garamond||||||||&#8221; text_text_color=&#8221;#EFEDEE&#8221; text_font_size=&#8221;25px&#8221; text_orientation=&#8221;center&#8221; module_alignment=&#8221;center&#8221; link_option_url=&#8221;https:\/\/sambaporter.com.br\/index.php\/contato\/&#8221; locked=&#8221;off&#8221; global_colors_info=&#8221;{}&#8221; background_color__hover=&#8221;rgba(239,219,178,0.52)&#8221; background_enable_color__hover=&#8221;on&#8221; background__hover_enabled=&#8221;on|hover&#8221;]<\/p>\n<p>CONTATO<\/p>\n<p>[\/et_pb_text][\/et_pb_column][\/et_pb_row][\/et_pb_section][et_pb_section fb_built=&#8221;1&#8243; _builder_version=&#8221;4.20.2&#8243; _module_preset=&#8221;default&#8221; background_color=&#8221;#425563&#8243; background_enable_image=&#8221;off&#8221; background_video_mp4=&#8221;http:\/\/sambaporter.com.br\/wp-content\/uploads\/2023\/06\/aa2-1.mp4&#8243; background_enable_video_webm=&#8221;off&#8221; width=&#8221;100%&#8221; width_tablet=&#8221;&#8221; width_phone=&#8221;100%&#8221; width_last_edited=&#8221;on|desktop&#8221; min_height=&#8221;1000px&#8221; custom_margin=&#8221;-4px||0px||false|false&#8221; custom_padding=&#8221;3px|||||&#8221; da_disable_devices=&#8221;off|off|off&#8221; locked=&#8221;off&#8221; global_colors_info=&#8221;{}&#8221; da_is_popup=&#8221;off&#8221; da_exit_intent=&#8221;off&#8221; da_has_close=&#8221;on&#8221; da_alt_close=&#8221;off&#8221; da_dark_close=&#8221;off&#8221; da_not_modal=&#8221;on&#8221; da_is_singular=&#8221;off&#8221; da_with_loader=&#8221;off&#8221; da_has_shadow=&#8221;on&#8221;][et_pb_row column_structure=&#8221;1_2,1_2&#8243; disabled_on=&#8221;on|on|off&#8221; _builder_version=&#8221;4.20.2&#8243; _module_preset=&#8221;default&#8221; width=&#8221;97%&#8221; max_width=&#8221;1673px&#8221; custom_margin=&#8221;0px|auto||auto||&#8221; custom_padding=&#8221;159px|||||&#8221; global_colors_info=&#8221;{}&#8221;][et_pb_column type=&#8221;1_2&#8243; _builder_version=&#8221;4.20.2&#8243; _module_preset=&#8221;default&#8221; global_colors_info=&#8221;{}&#8221;][\/et_pb_column][et_pb_column type=&#8221;1_2&#8243; _builder_version=&#8221;4.20.2&#8243; _module_preset=&#8221;default&#8221; global_colors_info=&#8221;{}&#8221;][et_pb_text content_tablet=&#8221;<\/p>\n<h2 style=%22text-align: left;%22><strong>Design.<\/strong> Fun\u00e7\u00e3o. Emo\u00e7\u00e3o.<\/h2>\n<p>&#8221; content_phone=&#8221;<\/p>\n<h2 style=%22text-align: left;%22><strong>Design.<\/strong> <br \/>Fun\u00e7\u00e3o. Emo\u00e7\u00e3o.<\/h2>\n<p>&#8221; content_last_edited=&#8221;on|phone&#8221; _builder_version=&#8221;4.20.2&#8243; _module_preset=&#8221;7b39e609-07da-4c2d-b385-8265485d0349&#8243; header_2_font=&#8221;EB Garamond|||on|||||&#8221; header_2_text_color=&#8221;#425563&#8243; header_2_font_size=&#8221;73px&#8221; header_2_line_height=&#8221;1.2em&#8221; background_color=&#8221;rgba(239,237,238,0.49)&#8221; custom_margin=&#8221;0px|0px||60px|false|false&#8221; custom_margin_tablet=&#8221;80px|0%|||false|false&#8221; custom_margin_phone=&#8221;106px|0%||14px|false|false&#8221; custom_margin_last_edited=&#8221;on|phone&#8221; custom_padding=&#8221;11px|18px||18px|false|false&#8221; header_2_font_size_tablet=&#8221;50px&#8221; header_2_font_size_phone=&#8221;35px&#8221; header_2_font_size_last_edited=&#8221;on|phone&#8221; border_radii=&#8221;off||||&#8221; locked=&#8221;off&#8221; global_colors_info=&#8221;{}&#8221;]<\/p>\n<h2 style=\"text-align: left;\"><strong>Design.<\/strong> Fun\u00e7\u00e3o. Emo\u00e7\u00e3o.<\/h2>\n<p>[\/et_pb_text][\/et_pb_column][\/et_pb_row][\/et_pb_section][et_pb_section fb_built=&#8221;1&#8243; _builder_version=&#8221;4.19.0&#8243; _module_preset=&#8221;default&#8221; background_color=&#8221;#425563&#8243; custom_padding=&#8221;0px||0px|||&#8221; da_disable_devices=&#8221;off|off|off&#8221; locked=&#8221;off&#8221; global_colors_info=&#8221;{}&#8221; da_is_popup=&#8221;off&#8221; da_exit_intent=&#8221;off&#8221; da_has_close=&#8221;on&#8221; da_alt_close=&#8221;off&#8221; da_dark_close=&#8221;off&#8221; da_not_modal=&#8221;on&#8221; da_is_singular=&#8221;off&#8221; da_with_loader=&#8221;off&#8221; da_has_shadow=&#8221;on&#8221;][et_pb_row _builder_version=&#8221;4.19.0&#8243; _module_preset=&#8221;default&#8221; global_colors_info=&#8221;{}&#8221;][et_pb_column type=&#8221;4_4&#8243; _builder_version=&#8221;4.19.0&#8243; _module_preset=&#8221;default&#8221; global_colors_info=&#8221;{}&#8221;][et_pb_image src=&#8221;http:\/\/sambaporter.com.br\/wp-content\/uploads\/2023\/04\/Arq-04_Variacao-03_Simbolo.webp&#8221; align=&#8221;center&#8221; _builder_version=&#8221;4.20.2&#8243; _module_preset=&#8221;default&#8221; width=&#8221;5%&#8221; width_tablet=&#8221;7%&#8221; width_phone=&#8221;20%&#8221; width_last_edited=&#8221;on|phone&#8221; max_width_tablet=&#8221;&#8221; max_width_phone=&#8221;&#8221; max_width_last_edited=&#8221;on|phone&#8221; global_colors_info=&#8221;{}&#8221; src__hover_enabled=&#8221;on|hover&#8221; src__hover=&#8221;http:\/\/sambaporter.com.br\/wp-content\/uploads\/2023\/04\/Design-sem-nome-6.png&#8221;][\/et_pb_image][et_pb_text _builder_version=&#8221;4.20.2&#8243; _module_preset=&#8221;default&#8221; text_font=&#8221;EB Garamond||||||||&#8221; text_text_color=&#8221;#EFEDEE&#8221; custom_margin=&#8221;-25px||||false|false&#8221; locked=&#8221;off&#8221; global_colors_info=&#8221;{}&#8221;]<\/p>\n<p style=\"text-align: center;\">marcia.jabur@sambaporter.com.br<\/p>\n<p>[\/et_pb_text][\/et_pb_column][\/et_pb_row][\/et_pb_section]<\/p>\n","protected":false},"excerpt":{"rendered":"<p><div class=\"et_pb_module ba_flipbox ba_flipbox_0\">\n\t\t\t\t\n\t\t\t\t\n\t\t\t\t\n\t\t\t\t\n\t\t\t\t\n\t\t\t\t\n\t\t\t\t<div class=\"et_pb_module_inner\">\n\t\t\t\t\t<div class=\"dtq-module dtq-flipbox dtq-flipbox--diagonal dtq-diagonal-right\">\n                <div class=\"dtq-flipbox-inner\">\n\t\t\t\t\t<div class=\"dtq-flipbox-card-container\">\n\t\t\t\t\t\t<div class=\"dtq-flipbox-front-card dtq-flipbox-card\">\n\t\t\t\t\t\t\t<div class=\"dtq-flipbox-card-inner\">\n\t\t\t\t\t\t\t\t<div class=\"dtq-flipbox-front-content dtq-flipbox-content\">\n\t\t\t\t\t\t\t\t\t<div class=\"dtq-flipbox-figure-front\">\n\t\t\t\t\t<div class=\"dtq-flipbox-img-front\">\n                <img decoding=\"async\" src=\"http:\/\/sambaporter.com.br\/wp-content\/uploads\/2023\/04\/21bc3c46-97ec-4a55-a242-c7ee5b9b84fd.webp\" alt=\"\"\/>\n            <\/div>\n\t\t\t\t<\/div>\n\t\t\t\t\t\t\t\t\t<div class=\"dtq-flipbox-content-wrap\">\n\t\t\t\t\t\t\t\t\t\t\n\t\t\t\t\t\t\t\t\t\t\n\t\t\t\t\t\t\t\t\t\t\n\t\t\t\t\t\t\t\t\t<\/div>\n\t\t\t\t\t\t\t\t<\/div>\n\t\t\t\t\t\t\t<\/div>\n\t\t\t\t\t\t<\/div>\n\t\t\t\t\t\t<div class=\"dtq-flipbox-back-card dtq-flipbox-card\">\n\t\t\t\t\t\t\t<div class=\"dtq-flipbox-card-inner\">\n\t\t\t\t\t\t\t\t<div class=\"dtq-flipbox-back-content dtq-flipbox-content\">\n\t\t\t\t\t\t\t\t\t<div class=\"dtq-flipbox-figure-back\">\n\t\t\t\t\t<div class=\"dtq-flipbox-img-back\">\n                <img decoding=\"async\" src=\"http:\/\/sambaporter.com.br\/wp-content\/uploads\/2023\/04\/Design-sem-nome-6.png\" alt=\"\"\/>\n            <\/div>\n\t\t\t\t<\/div>\n\t\t\t\t\t\t\t\t\t<div class=\"dtq-flipbox-content-wrap\">\n\t\t\t\t\t\t\t\t\t\t\n\t\t\t\t\t\t\t\t\t\t\n\t\t\t\t\t\t\t\t\t\t\n\t\t\t\t\t\t\t\t\t\t\n\t\t\t\t\t\t\t\t\t<\/div>\n\t\t\t\t\t\t\t\t<\/div>\n\t\t\t\t\t\t\t<\/div>\n\t\t\t\t\t\t<\/div>\n\t\t\t\t\t\t<div class=\"dtq-flank\"><\/div>\n\t\t\t\t\t<\/div>\n\t\t\t\t<\/div>\n            <\/div>\n\t\t\t\t<\/div>\n\t\t\t<\/div><div class=\"et_pb_module ba_logo_grid ba_logo_grid_0\">\n\t\t\t\t\n\t\t\t\t\n\t\t\t\t\n\t\t\t\t\n\t\t\t\t\n\t\t\t\t\n\t\t\t\t<div class=\"et_pb_module_inner\">\n\t\t\t\t\t<div class=\"dtq-module dtq-parent dtq-logo-grid zoom_in\">\n                \n            <\/div>\n\t\t\t\t<\/div>\n\t\t\t<\/div><div class=\"et_pb_module ba_flipbox ba_flipbox_1\">\n\t\t\t\t\n\t\t\t\t\n\t\t\t\t\n\t\t\t\t\n\t\t\t\t\n\t\t\t\t\n\t\t\t\t<div class=\"et_pb_module_inner\">\n\t\t\t\t\t<div class=\"dtq-module dtq-flipbox dtq-flipbox--diagonal dtq-diagonal-right\">\n                <div class=\"dtq-flipbox-inner\">\n\t\t\t\t\t<div class=\"dtq-flipbox-card-container\">\n\t\t\t\t\t\t<div class=\"dtq-flipbox-front-card dtq-flipbox-card\">\n\t\t\t\t\t\t\t<div class=\"dtq-flipbox-card-inner\">\n\t\t\t\t\t\t\t\t<div class=\"dtq-flipbox-front-content dtq-flipbox-content\">\n\t\t\t\t\t\t\t\t\t<div class=\"dtq-flipbox-figure-front\">\n\t\t\t\t\t<div class=\"dtq-flipbox-img-front\">\n                <img decoding=\"async\" src=\"http:\/\/sambaporter.com.br\/wp-content\/uploads\/2023\/04\/21bc3c46-97ec-4a55-a242-c7ee5b9b84fd.webp\" alt=\"\"\/>\n            <\/div>\n\t\t\t\t<\/div>\n\t\t\t\t\t\t\t\t\t<div class=\"dtq-flipbox-content-wrap\">\n\t\t\t\t\t\t\t\t\t\t\n\t\t\t\t\t\t\t\t\t\t\n\t\t\t\t\t\t\t\t\t\t\n\t\t\t\t\t\t\t\t\t<\/div>\n\t\t\t\t\t\t\t\t<\/div>\n\t\t\t\t\t\t\t<\/div>\n\t\t\t\t\t\t<\/div>\n\t\t\t\t\t\t<div class=\"dtq-flipbox-back-card dtq-flipbox-card\">\n\t\t\t\t\t\t\t<div class=\"dtq-flipbox-card-inner\">\n\t\t\t\t\t\t\t\t<div class=\"dtq-flipbox-back-content dtq-flipbox-content\">\n\t\t\t\t\t\t\t\t\t<div class=\"dtq-flipbox-figure-back\">\n\t\t\t\t\t<div class=\"dtq-flipbox-img-back\">\n                <img decoding=\"async\" src=\"http:\/\/sambaporter.com.br\/wp-content\/uploads\/2023\/04\/21bc3c46-97ec-4a55-a242-c7ee5b9b84fd.webp\" alt=\"\"\/>\n            <\/div>\n\t\t\t\t<\/div>\n\t\t\t\t\t\t\t\t\t<div class=\"dtq-flipbox-content-wrap\">\n\t\t\t\t\t\t\t\t\t\t\n\t\t\t\t\t\t\t\t\t\t\n\t\t\t\t\t\t\t\t\t\t\n\t\t\t\t\t\t\t\t\t\t\n\t\t\t\t\t\t\t\t\t<\/div>\n\t\t\t\t\t\t\t\t<\/div>\n\t\t\t\t\t\t\t<\/div>\n\t\t\t\t\t\t<\/div>\n\t\t\t\t\t\t<div class=\"dtq-flank\"><\/div>\n\t\t\t\t\t<\/div>\n\t\t\t\t<\/div>\n            <\/div>\n\t\t\t\t<\/div>\n\t\t\t<\/div>HOMEPROJETOSSOBRE N\u00d3SM\u00cdDIACONTATODesign. Fun\u00e7\u00e3o. Emo\u00e7\u00e3o.marcia.jabur@sambaporter.com.br<\/p>\n","protected":false},"author":1,"featured_media":0,"parent":0,"menu_order":0,"comment_status":"closed","ping_status":"closed","template":"page-template-blank.php","meta":{"_et_pb_use_builder":"on","_et_pb_old_content":"","_et_gb_content_width":"","footnotes":""},"_links":{"self":[{"href":"https:\/\/sambaporter.com.br\/index.php\/wp-json\/wp\/v2\/pages\/11"}],"collection":[{"href":"https:\/\/sambaporter.com.br\/index.php\/wp-json\/wp\/v2\/pages"}],"about":[{"href":"https:\/\/sambaporter.com.br\/index.php\/wp-json\/wp\/v2\/types\/page"}],"author":[{"embeddable":true,"href":"https:\/\/sambaporter.com.br\/index.php\/wp-json\/wp\/v2\/users\/1"}],"replies":[{"embeddable":true,"href":"https:\/\/sambaporter.com.br\/index.php\/wp-json\/wp\/v2\/comments?post=11"}],"version-history":[{"count":0,"href":"https:\/\/sambaporter.com.br\/index.php\/wp-json\/wp\/v2\/pages\/11\/revisions"}],"wp:attachment":[{"href":"https:\/\/sambaporter.com.br\/index.php\/wp-json\/wp\/v2\/media?parent=11"}],"curies":[{"name":"wp","href":"https:\/\/api.w.org\/{rel}","templated":true}]}}