{"id":59,"date":"2023-03-20T21:41:53","date_gmt":"2023-03-21T00:41:53","guid":{"rendered":"https:\/\/sambaporter.com.br\/?page_id=59"},"modified":"2023-07-21T21:22:47","modified_gmt":"2023-07-22T00:22:47","slug":"individual","status":"publish","type":"page","link":"https:\/\/sambaporter.com.br\/index.php\/individual\/","title":{"rendered":"Apartamento Diego"},"content":{"rendered":"<p>[et_pb_section fb_built=&#8221;1&#8243; custom_padding_last_edited=&#8221;on|phone&#8221; admin_label=&#8221;Header&#8221; _builder_version=&#8221;4.20.2&#8243; _module_preset=&#8221;default&#8221; background_color=&#8221;#EFEDEE&#8221; custom_padding_tablet=&#8221;&#8221; custom_padding_phone=&#8221;0px||||false|false&#8221; da_disable_devices=&#8221;off|off|off&#8221; global_colors_info=&#8221;{}&#8221; da_is_popup=&#8221;off&#8221; da_exit_intent=&#8221;off&#8221; da_has_close=&#8221;on&#8221; da_alt_close=&#8221;off&#8221; da_dark_close=&#8221;off&#8221; da_not_modal=&#8221;on&#8221; da_is_singular=&#8221;off&#8221; da_with_loader=&#8221;off&#8221; da_has_shadow=&#8221;on&#8221;][et_pb_row _builder_version=&#8221;4.18.0&#8243; _module_preset=&#8221;default&#8221; global_colors_info=&#8221;{}&#8221;][et_pb_column type=&#8221;4_4&#8243; _builder_version=&#8221;4.18.0&#8243; _module_preset=&#8221;default&#8221; global_colors_info=&#8221;{}&#8221;][et_pb_text _builder_version=&#8221;4.20.2&#8243; _module_preset=&#8221;d72c0383-6487-4f2c-ac5c-7d48a6376757&#8243; header_font=&#8221;Krona One|||on|||||&#8221; header_text_color=&#8221;#000000&#8243; header_font_size=&#8221;70px&#8221; header_line_height=&#8221;1.2em&#8221; header_font_size_tablet=&#8221;50px&#8221; header_font_size_phone=&#8221;30px&#8221; header_font_size_last_edited=&#8221;on|phone&#8221; locked=&#8221;off&#8221; global_colors_info=&#8221;{}&#8221;]<\/p>\n<h1>Apto dn<\/h1>\n<p>[\/et_pb_text][\/et_pb_column][\/et_pb_row][et_pb_row custom_padding_last_edited=&#8221;on|phone&#8221; _builder_version=&#8221;4.20.2&#8243; _module_preset=&#8221;default&#8221; custom_padding=&#8221;26px|||||&#8221; custom_padding_tablet=&#8221;26px|||||&#8221; custom_padding_phone=&#8221;0px||||false|false&#8221; global_colors_info=&#8221;{}&#8221;][et_pb_column type=&#8221;4_4&#8243; _builder_version=&#8221;4.18.0&#8243; _module_preset=&#8221;default&#8221; global_colors_info=&#8221;{}&#8221;][dsm_image_accordion _builder_version=&#8221;4.20.2&#8243; _module_preset=&#8221;default&#8221; global_colors_info=&#8221;{}&#8221;][dsm_image_accordion_child image_accordion_src=&#8221;http:\/\/sambaporter.com.br\/wp-content\/uploads\/2023\/04\/6F9B2667_Julia_Ribeiro_Fotografia-1.webp&#8221; use_accordion_icon=&#8221;off&#8221; _builder_version=&#8221;4.20.2&#8243; _module_preset=&#8221;default&#8221; global_colors_info=&#8221;{}&#8221;][\/dsm_image_accordion_child][dsm_image_accordion_child image_accordion_src=&#8221;http:\/\/sambaporter.com.br\/wp-content\/uploads\/2023\/04\/6F9B2834_Julia_Ribeiro_Fotografia.webp&#8221; _builder_version=&#8221;4.20.2&#8243; _module_preset=&#8221;default&#8221; global_colors_info=&#8221;{}&#8221;][\/dsm_image_accordion_child][dsm_image_accordion_child image_accordion_src=&#8221;http:\/\/sambaporter.com.br\/wp-content\/uploads\/2023\/04\/6F9B2610_Julia_Ribeiro_Fotografia-1.webp&#8221; _builder_version=&#8221;4.20.2&#8243; _module_preset=&#8221;default&#8221; global_colors_info=&#8221;{}&#8221;][\/dsm_image_accordion_child][dsm_image_accordion_child image_accordion_src=&#8221;http:\/\/sambaporter.com.br\/wp-content\/uploads\/2023\/04\/6F9B3085_Julia_Ribeiro_Fotografia.webp&#8221; _builder_version=&#8221;4.20.2&#8243; _module_preset=&#8221;default&#8221; global_colors_info=&#8221;{}&#8221;][\/dsm_image_accordion_child][\/dsm_image_accordion][\/et_pb_column][\/et_pb_row][\/et_pb_section][et_pb_section fb_built=&#8221;1&#8243; admin_label=&#8221;Details&#8221; _builder_version=&#8221;4.20.2&#8243; _module_preset=&#8221;default&#8221; background_color=&#8221;#EFEDEE&#8221; da_disable_devices=&#8221;off|off|off&#8221; global_colors_info=&#8221;{}&#8221; custom_padding=&#8221;11px|||||&#8221; da_is_popup=&#8221;off&#8221; da_exit_intent=&#8221;off&#8221; da_has_close=&#8221;on&#8221; da_alt_close=&#8221;off&#8221; da_dark_close=&#8221;off&#8221; da_not_modal=&#8221;on&#8221; da_is_singular=&#8221;off&#8221; da_with_loader=&#8221;off&#8221; da_has_shadow=&#8221;on&#8221;][et_pb_row _builder_version=&#8221;4.18.0&#8243; _module_preset=&#8221;default&#8221; global_colors_info=&#8221;{}&#8221; custom_padding=&#8221;7px||7px|||&#8221;][et_pb_column type=&#8221;4_4&#8243; _builder_version=&#8221;4.18.0&#8243; _module_preset=&#8221;default&#8221; global_colors_info=&#8221;{}&#8221;][et_pb_text _builder_version=&#8221;4.20.2&#8243; _module_preset=&#8221;32021f09-dd67-47fb-8f9a-832b72a38baf&#8221; header_2_font=&#8221;Krona One||||||||&#8221; header_2_text_color=&#8221;#000000&#8243; header_2_font_size=&#8221;50px&#8221; header_2_line_height=&#8221;1.35em&#8221; hover_enabled=&#8221;0&#8243; header_2_font_size_tablet=&#8221;30px&#8221; header_2_font_size_phone=&#8221;19px&#8221; header_2_font_size_last_edited=&#8221;on|phone&#8221; global_colors_info=&#8221;{}&#8221; sticky_enabled=&#8221;0&#8243;]<\/p>\n<h2>ABORDAGEM DO DESIGN<\/h2>\n<p>[\/et_pb_text][\/et_pb_column][\/et_pb_row][et_pb_row column_structure=&#8221;1_2,1_2&#8243; _builder_version=&#8221;4.18.0&#8243; _module_preset=&#8221;default&#8221; global_colors_info=&#8221;{}&#8221; custom_padding=&#8221;8px|||||&#8221;][et_pb_column type=&#8221;1_2&#8243; _builder_version=&#8221;4.18.0&#8243; _module_preset=&#8221;default&#8221; global_colors_info=&#8221;{}&#8221;][et_pb_text _builder_version=&#8221;4.20.2&#8243; _module_preset=&#8221;16a54059-cc81-4572-9c70-eda6a6c419bf&#8221; text_font=&#8221;Montserrat||||||||&#8221; text_font_size=&#8221;16px&#8221; text_line_height=&#8221;1.8em&#8221; custom_padding=&#8221;||3px|||&#8221; text_font_size_tablet=&#8221;15px&#8221; text_font_size_phone=&#8221;14px&#8221; text_font_size_last_edited=&#8221;on|phone&#8221; header_font_size_tablet=&#8221;55px&#8221; header_font_size_last_edited=&#8221;off|desktop&#8221; locked=&#8221;off&#8221; global_colors_info=&#8221;{}&#8221;]<\/p>\n<p>Este apartamento de 42m2 aposta na integra\u00e7\u00e3o dos ambientes para dar uma sensa\u00e7\u00e3o de mais espa\u00e7oso. Para isso a cria\u00e7\u00e3o dos fluxos de passagem foi essencial. <br \/>A marcenaria da tv centralizada no apartamento, divide a \u00e1rea do quarto para a sala sem usarmos paredes, deixando o ambiente mais luminoso e mais leve. Nesta marcenaria, criamos um sistema onde a tv gira tanto para a cama como para o sof\u00e1. <\/p>\n<p>[\/et_pb_text][\/et_pb_column][et_pb_column type=&#8221;1_2&#8243; _builder_version=&#8221;4.18.0&#8243; _module_preset=&#8221;default&#8221; global_colors_info=&#8221;{}&#8221;][et_pb_text _builder_version=&#8221;4.20.2&#8243; _module_preset=&#8221;16a54059-cc81-4572-9c70-eda6a6c419bf&#8221; text_font=&#8221;Montserrat||||||||&#8221; text_font_size=&#8221;16px&#8221; text_line_height=&#8221;1.8em&#8221; text_font_size_tablet=&#8221;15px&#8221; text_font_size_phone=&#8221;14px&#8221; text_font_size_last_edited=&#8221;on|phone&#8221; header_font_size_tablet=&#8221;55px&#8221; header_font_size_last_edited=&#8221;off|desktop&#8221; locked=&#8221;off&#8221; global_colors_info=&#8221;{}&#8221;]<\/p>\n<p>O escrit\u00f3rio ficou na \u00e1rea da varanda, para criar um ambiente mais resguardado, e separado do restante do apartamento.<br \/>Usamos os mesmos materiais em todo o apartamento, assim como a textura que \u00e9 vista tanto nas paredes como no teto e a marcenaria na mesma tonalidade, criando um partido \u00fanico para todo o espa\u00e7o.<\/p>\n<p>[\/et_pb_text][\/et_pb_column][\/et_pb_row][et_pb_row _builder_version=&#8221;4.20.2&#8243; _module_preset=&#8221;default&#8221; global_colors_info=&#8221;{}&#8221;][et_pb_column type=&#8221;4_4&#8243; _builder_version=&#8221;4.20.2&#8243; _module_preset=&#8221;default&#8221; global_colors_info=&#8221;{}&#8221;][et_pb_gallery gallery_ids=&#8221;901,900,899,898&#8243; orientation=&#8221;portrait&#8221; show_title_and_caption=&#8221;off&#8221; show_pagination=&#8221;off&#8221; zoom_icon_color=&#8221;#425563&#8243; hover_overlay_color=&#8221;rgba(239,237,238,0.38)&#8221; hover_icon=&#8221;&#x2e;||divi||400&#8243; _builder_version=&#8221;4.20.2&#8243; _module_preset=&#8221;default&#8221; pagination_text_color=&#8221;#425563&#8243; custom_margin=&#8221;||0px|||&#8221; locked=&#8221;off&#8221; global_colors_info=&#8221;{}&#8221;][\/et_pb_gallery][et_pb_gallery gallery_ids=&#8221;897,896,895,894&#8243; orientation=&#8221;portrait&#8221; show_title_and_caption=&#8221;off&#8221; show_pagination=&#8221;off&#8221; zoom_icon_color=&#8221;#425563&#8243; hover_overlay_color=&#8221;rgba(239,237,238,0.38)&#8221; hover_icon=&#8221;&#x2e;||divi||400&#8243; _builder_version=&#8221;4.20.2&#8243; _module_preset=&#8221;default&#8221; pagination_text_color=&#8221;#425563&#8243; custom_margin=&#8221;||0px|||&#8221; locked=&#8221;off&#8221; global_colors_info=&#8221;{}&#8221;][\/et_pb_gallery][et_pb_gallery gallery_ids=&#8221;893,892,891,890&#8243; orientation=&#8221;portrait&#8221; show_title_and_caption=&#8221;off&#8221; show_pagination=&#8221;off&#8221; zoom_icon_color=&#8221;#425563&#8243; hover_overlay_color=&#8221;rgba(239,237,238,0.38)&#8221; hover_icon=&#8221;&#x2e;||divi||400&#8243; _builder_version=&#8221;4.20.2&#8243; _module_preset=&#8221;default&#8221; pagination_text_color=&#8221;#425563&#8243; custom_margin=&#8221;||0px|||&#8221; locked=&#8221;off&#8221; global_colors_info=&#8221;{}&#8221;][\/et_pb_gallery][et_pb_gallery gallery_ids=&#8221;905,904,903,902&#8243; orientation=&#8221;portrait&#8221; show_title_and_caption=&#8221;off&#8221; show_pagination=&#8221;off&#8221; zoom_icon_color=&#8221;#425563&#8243; hover_overlay_color=&#8221;rgba(239,237,238,0.38)&#8221; hover_icon=&#8221;&#x2e;||divi||400&#8243; _builder_version=&#8221;4.20.2&#8243; _module_preset=&#8221;default&#8221; pagination_text_color=&#8221;#425563&#8243; custom_margin=&#8221;||0px|||&#8221; locked=&#8221;off&#8221; global_colors_info=&#8221;{}&#8221;][\/et_pb_gallery][et_pb_gallery gallery_ids=&#8221;889,888,993,998&#8243; orientation=&#8221;portrait&#8221; show_title_and_caption=&#8221;off&#8221; show_pagination=&#8221;off&#8221; zoom_icon_color=&#8221;#425563&#8243; hover_overlay_color=&#8221;rgba(239,237,238,0.38)&#8221; hover_icon=&#8221;&#x2e;||divi||400&#8243; _builder_version=&#8221;4.20.2&#8243; _module_preset=&#8221;default&#8221; pagination_text_color=&#8221;#425563&#8243; custom_margin=&#8221;||0px|||&#8221; locked=&#8221;off&#8221; global_colors_info=&#8221;{}&#8221;][\/et_pb_gallery][\/et_pb_column][\/et_pb_row][\/et_pb_section]<\/p>\n","protected":false},"excerpt":{"rendered":"<p>Apto dn<div class=\"et_pb_module dsm_image_accordion dsm_image_accordion_0 dsm_image_accordion_animation_fade_in dsm_image_accordion_animation_sequence_off\">\n\t\t\t\t\n\t\t\t\t\n\t\t\t\t\n\t\t\t\t\n\t\t\t\t\n\t\t\t\t\n\t\t\t\t<div class=\"et_pb_module_inner\">\n\t\t\t\t\t<div class=\"dsm_image_accordion_wrapper dsm_image_accordion_trigger_on_hover\">\n                <div class=\"et_pb_module dsm_image_accordion_child dsm_image_accordion_child_0 dsm_image_accordion_horizontal_center dsm_image_accordion_vertical_center \">\n\t\t\t\t\n\t\t\t\t\n\t\t\t\t\n\t\t\t\t\n\t\t\t\t\n\t\t\t\t\n\t\t\t\t<div class=\"et_pb_module_inner\">\n\t\t\t\t\t<div class=\"dsm_image_accordion_child_content\">\n\t\t\t\t\n\t\t\t\t\n\t\t\t\t\n\t\t\t\t\n\t\t\t<\/div>\n\t\t\t\t<\/div>\n\t\t\t<\/div><div class=\"et_pb_module dsm_image_accordion_child dsm_image_accordion_child_1 dsm_image_accordion_horizontal_center dsm_image_accordion_vertical_center \">\n\t\t\t\t\n\t\t\t\t\n\t\t\t\t\n\t\t\t\t\n\t\t\t\t\n\t\t\t\t\n\t\t\t\t<div class=\"et_pb_module_inner\">\n\t\t\t\t\t<div class=\"dsm_image_accordion_child_content\">\n\t\t\t\t\n\t\t\t\t\n\t\t\t\t\n\t\t\t\t\n\t\t\t<\/div>\n\t\t\t\t<\/div>\n\t\t\t<\/div><div class=\"et_pb_module dsm_image_accordion_child dsm_image_accordion_child_2 dsm_image_accordion_horizontal_center dsm_image_accordion_vertical_center \">\n\t\t\t\t\n\t\t\t\t\n\t\t\t\t\n\t\t\t\t\n\t\t\t\t\n\t\t\t\t\n\t\t\t\t<div class=\"et_pb_module_inner\">\n\t\t\t\t\t<div class=\"dsm_image_accordion_child_content\">\n\t\t\t\t\n\t\t\t\t\n\t\t\t\t\n\t\t\t\t\n\t\t\t<\/div>\n\t\t\t\t<\/div>\n\t\t\t<\/div><div class=\"et_pb_module dsm_image_accordion_child dsm_image_accordion_child_3 dsm_image_accordion_horizontal_center dsm_image_accordion_vertical_center \">\n\t\t\t\t\n\t\t\t\t\n\t\t\t\t\n\t\t\t\t\n\t\t\t\t\n\t\t\t\t\n\t\t\t\t<div class=\"et_pb_module_inner\">\n\t\t\t\t\t<div class=\"dsm_image_accordion_child_content\">\n\t\t\t\t\n\t\t\t\t\n\t\t\t\t\n\t\t\t\t\n\t\t\t<\/div>\n\t\t\t\t<\/div>\n\t\t\t<\/div>\n            <\/div>\n\t\t\t\t<\/div>\n\t\t\t<\/div>ABORDAGEM DO DESIGNEste apartamento de 42m2 aposta na integra\u00e7\u00e3o dos ambientes para dar uma sensa\u00e7\u00e3o de mais espa\u00e7oso. Para isso a cria\u00e7\u00e3o dos fluxos de passagem foi essencial. A marcenaria da tv centralizada no [&hellip;]<\/p>\n","protected":false},"author":1,"featured_media":0,"parent":0,"menu_order":0,"comment_status":"closed","ping_status":"closed","template":"","meta":{"_et_pb_use_builder":"on","_et_pb_old_content":"","_et_gb_content_width":"","footnotes":""},"_links":{"self":[{"href":"https:\/\/sambaporter.com.br\/index.php\/wp-json\/wp\/v2\/pages\/59"}],"collection":[{"href":"https:\/\/sambaporter.com.br\/index.php\/wp-json\/wp\/v2\/pages"}],"about":[{"href":"https:\/\/sambaporter.com.br\/index.php\/wp-json\/wp\/v2\/types\/page"}],"author":[{"embeddable":true,"href":"https:\/\/sambaporter.com.br\/index.php\/wp-json\/wp\/v2\/users\/1"}],"replies":[{"embeddable":true,"href":"https:\/\/sambaporter.com.br\/index.php\/wp-json\/wp\/v2\/comments?post=59"}],"version-history":[{"count":0,"href":"https:\/\/sambaporter.com.br\/index.php\/wp-json\/wp\/v2\/pages\/59\/revisions"}],"wp:attachment":[{"href":"https:\/\/sambaporter.com.br\/index.php\/wp-json\/wp\/v2\/media?parent=59"}],"curies":[{"name":"wp","href":"https:\/\/api.w.org\/{rel}","templated":true}]}}